{"id":46,"date":"2023-07-18T17:37:28","date_gmt":"2023-07-18T17:37:28","guid":{"rendered":"https:\/\/ww2.sibylle-wilcken.de\/?page_id=46"},"modified":"2023-07-18T17:37:28","modified_gmt":"2023-07-18T17:37:28","slug":"rituale","status":"publish","type":"page","link":"https:\/\/ww2.sibylle-wilcken.de\/index.php\/rituale\/","title":{"rendered":"Rituale"},"content":{"rendered":"<p>Indem wir uns mit unserer inneren spirituellen Quelle verbinden, uns als Teil eines gr\u00f6\u00dferen Ganzen erfahren und aus dieser Weisheit heraus leben, erw\u00e4chst in uns eine starke Heilungskraft. Wir brauchen Kontakt zu einer Spiritualit\u00e4t, die uns durch unser Leben tr\u00e4gt und die sich \u00e4u\u00dfert in einem achtsamen und liebevollen Umgang mit uns selbst, mit anderen, der Natur, der Welt und dem ganzen Universum.\u00a0<strong>Rituale zu feiern<\/strong>\u00a0ist eine M\u00f6glichkeit, au\u00dferhalb des Alltags, sich mit etwas Gr\u00f6\u00dferem in sich selbst und au\u00dferhalb von sich zu verbinden und sein Bewusstsein zu erweitern. Meine Ritualfeiern beziehen sich auf den Wechsel von Jahreszeiten, auf pers\u00f6nliche Anl\u00e4sse, auf die Heilung k\u00f6rperlicher und seelischer Erkrankungen sowie auf die Heilung von Orten. Eingebunden in eine Rahmenhandlung stehen im Vordergrund der Rituale meditative und kreative Elemente, die sich im Wandel befinden und in einem pers\u00f6nlichem Bezug zu den Ritualteilnehmerinnen stehen.<\/p>\n<p>Wir Frauen brauchen Erfahrungen, die uns n\u00e4hren, die das Weibliche st\u00e4rken und es in seiner Vielfalt als auch in seiner Einzigartigkeit wertsch\u00e4tzen. Viele Frauen erleben diese St\u00e4rkung in der Natur an bestimmten Pl\u00e4tzen, B\u00e4umen, Felsen, dem Meer, wie auch in der Verbindung mit den Jahreszeitenrhythmen, den Sonnenwenden und Tagundnachtgleichen, den Mondphasen, den unsichtbar wirkenden Kr\u00e4ften durch Naturwesen und dem Kosmos. W\u00e4hrend der Jahreszeitenrituale \u00f6ffnen wir uns den jeweiligen besonderen Orten in der Natur und verbinden uns mit den dort wirkenden Kr\u00e4ften und Qualit\u00e4ten. In fr\u00fcheren Kulturen wurden die Ver\u00e4nderungen der Zeit kreis- und spiralf\u00f6rmig wahrgenommen, das Jahr als Kreis betrachtet, dessen Ende mit der Wintersonnenwende gleichzeitig der Beginn des neuen Jahres war. Acht Ritualfeiern mit ihrem landwirtschaftlichen Bezug zur Saat und Ernte und den kosmischen Sonnen- und Mondeinfl\u00fcssen unterteilten den Jahreskreis. Durch das Feiern von Jahreszeiten erleben wir diese Abschnitte in der Natur und f\u00fcr uns selbst in bewusster Weise. Pers\u00f6nlich k\u00f6nnen wir unser Leben vom Naturzyklus anstecken lassen, uns den Qualit\u00e4ten und Energien der jeweiligen Jahreszeit \u00f6ffnen und sie als Teil von uns selbst betrachten und integrieren. Jedes Jahr begegnen wir in best\u00e4ndiger Weise grunds\u00e4tzlichen Themen der Natur, ihrem Werden, ihrem Wachsen und ihrem Vergehen. Im Einklang mit der Natur k\u00f6nnen wir uns immer wieder neu, den widerspiegelnden Themen und Gef\u00fchlen in uns selbst zuwenden und die jahreszeitlichen Energien f\u00fcr die Gestaltung unseres Lebens nutzen. So werden uns Neuanf\u00e4nge und Wagnisse in der kraftvollen Fr\u00fchlingszeit leichter fallen, als in dem herbstlichen R\u00fcckzug der Natur. Die Ritualfeiern schaffen Raum f\u00fcr tiefe Selbsterfahrung und Heilungsprozesse. Wir begreifen und erleben die Rhythmen der Jahreszeiten als Aspekte unserer selbst, als verschiedene Facetten unserer Weiblichkeit. Mythen von G\u00f6ttinnen aus alten Kulturen, in denen das Weibliche gewertsch\u00e4tzt wurde, begleiten uns durch den Jahreskreis und ermuntern uns, unsere weibliche F\u00fclle in ihrer Ganzheit zu leben. W\u00e4hrend unserer Ritualfeiern wirken auch wir in dem Sinne von Geben und Nehmen heilend auf die Naturabl\u00e4ufe ein.<\/p>\n<h4>Jahreszeitenrituale f\u00fcr Frauen in der Natur<\/h4>\n<h4>Fr\u00fchlingsritual am Westensee<\/h4>\n<p>Innerhalb des Jahreszeitenrituals feiern wir den Beginn des Fr\u00fchlings, die Fr\u00fchlingstagundnachtgleiche. Innerhalb des Fr\u00fchlingsrituals verbinden uns mit den Wachstumskr\u00e4ften der Natur und nutzen sie pers\u00f6nlich f\u00fcr unseren Aufbruch, Umbruch und neue Wagnisse. Indem wir der Natur auf diese Weise unsere Aufmerksamkeit schenken, st\u00e4rken auch wir deren aufbrechende Kr\u00e4fte.<\/p>\n","protected":false},"excerpt":{"rendered":"<p>Indem wir uns mit unserer inneren spirituellen Quelle verbinden, uns als Teil eines gr\u00f6\u00dferen Ganzen erfahren und aus dieser Weisheit heraus leben, erw\u00e4chst in uns eine starke Heilungskraft. Wir brauchen Kontakt zu einer Spiritualit\u00e4t, die uns durch unser Leben tr\u00e4gt und die sich \u00e4u\u00dfert in einem achtsamen und liebevollen Umgang mit uns selbst, mit anderen,&hellip; <a class=\"more-link\" href=\"https:\/\/ww2.sibylle-wilcken.de\/index.php\/rituale\/\"><span class=\"screen-reader-text\">Rituale<\/span> weiterlesen<\/a><\/p>\n","protected":false},"author":1,"featured_media":0,"parent":0,"menu_order":0,"comment_status":"closed","ping_status":"closed","template":"","meta":{"footnotes":""},"class_list":["post-46","page","type-page","status-publish","hentry","entry"],"_links":{"self":[{"href":"https:\/\/ww2.sibylle-wilcken.de\/index.php\/wp-json\/wp\/v2\/pages\/46","targetHints":{"allow":["GET"]}}],"collection":[{"href":"https:\/\/ww2.sibylle-wilcken.de\/index.php\/wp-json\/wp\/v2\/pages"}],"about":[{"href":"https:\/\/ww2.sibylle-wilcken.de\/index.php\/wp-json\/wp\/v2\/types\/page"}],"author":[{"embeddable":true,"href":"https:\/\/ww2.sibylle-wilcken.de\/index.php\/wp-json\/wp\/v2\/users\/1"}],"replies":[{"embeddable":true,"href":"https:\/\/ww2.sibylle-wilcken.de\/index.php\/wp-json\/wp\/v2\/comments?post=46"}],"version-history":[{"count":1,"href":"https:\/\/ww2.sibylle-wilcken.de\/index.php\/wp-json\/wp\/v2\/pages\/46\/revisions"}],"predecessor-version":[{"id":47,"href":"https:\/\/ww2.sibylle-wilcken.de\/index.php\/wp-json\/wp\/v2\/pages\/46\/revisions\/47"}],"wp:attachment":[{"href":"https:\/\/ww2.sibylle-wilcken.de\/index.php\/wp-json\/wp\/v2\/media?parent=46"}],"curies":[{"name":"wp","href":"https:\/\/api.w.org\/{rel}","templated":true}]}}