{"id":50,"date":"2023-07-18T17:38:33","date_gmt":"2023-07-18T17:38:33","guid":{"rendered":"https:\/\/ww2.sibylle-wilcken.de\/?page_id=50"},"modified":"2023-07-18T17:38:33","modified_gmt":"2023-07-18T17:38:33","slug":"endometriose","status":"publish","type":"page","link":"https:\/\/ww2.sibylle-wilcken.de\/index.php\/endometriose\/","title":{"rendered":"Endometriose"},"content":{"rendered":"<h3>Endometriose ganzheitlich verstehen und heilen<\/h3>\n<p><strong>Endometriose ist<\/strong>\u00a0eine chronische Erkrankung von Frauen im Alter von der 1. Regelblutung bis zu den Wechseljahren und dar\u00fcber hinaus. Etwa 7 bis 15 Prozent aller Frauen \u2013 in Deutschland etwa 2 bis 6 Millionen \u2013 leiden unter dieser Erkrankung. Sie ist die zweith\u00e4ufigste gutartige gyn\u00e4kologische Erkrankung.<strong>Endometriose bezeichnet<\/strong>\u00a0geb\u00e4rmutterschleimhaut\u00e4hnliches Gewebe, das au\u00dferhalb der Geb\u00e4rmutter w\u00e4chst, vorwiegend an den Organen und Geweben im Beckenbereich, selten auch an anderen Organen, z.B. der Lunge. Endometrioseherde k\u00f6nnen bluten, sich entz\u00fcnden und zur Bildung von Zysten und Vernarbungen f\u00fchren. Die meist auftretenden sehr starken Schmerzen im Beckenbereich, teilweise auch in den Beinen, Verwachsungen, h\u00e4ufige Kinderlosigkeit, Ersch\u00f6pfung, erh\u00f6hte Infektanf\u00e4lligkeit, vermehrtes Auftreten von Allergien und eine Vielzahl anderer Symptome r\u00fccken in den Mittelpunkt der betroffenen Frauen. Vielfach stellen die mit der Krankheit verbundenen Probleme am Arbeitsplatz, innerhalb der Partnerbeziehung, dem Freundeskreis, die eigenen Verunsicherungen und \u00c4ngste das gesamte Leben der Betroffenen \u00fcber Jahre in Frage. Eine eigentliche\u00a0<strong>Ursache<\/strong>\u00a0von Endometriose ist bis heute unklar, wobei die Veranlagung eine Rolle spielen kann, ein geschw\u00e4chtes Immunsystem ( bei Frauen mit Endometriose wurden h\u00e4ufig Antik\u00f6rper gegen Eigengewebe fest gestellt ), eine Streuung durch Lymph- oder Blutgef\u00e4\u00dfe, ein R\u00fcckfluss des Menstruationsblutes durch die Eileiter in den Bauchraum, sowie hormonelle Einfl\u00fcsse ( \u00d6strogene f\u00f6rdern das Wachstum von Endometriose ). Die\u00a0<strong>schulmedizinische Behandlung<\/strong>\u00a0beinhaltet eine operative Entfernung der Endometrioseherde und eine medikament\u00f6se Hormontherapie und Schmerzbehandlung. Leider dauert es heute immer noch zu lange, bis die Diagnose Endometriose gestellt wird. Sie ist \u00fcber eine Tast- und Ultraschalluntersuchung, ganz sicher operativ durch eine Gewebeentnahme mit Hilfe der Bauchspiegelung m\u00f6glich. Dank der Interessenvertretung betroffener Frauen durch die\u00a0<strong>Endometriose-Vereinigung Deutschland e.V., Kontakt: Tel.: 0341 \/ 3065304<\/strong>\u00a0stehen Frauen umfassende Informationen \u00fcber die Endometrioseerkrankung und \u00fcber Behandlungsm\u00f6glichkeiten zur Verf\u00fcgung. Sie k\u00f6nnen ihren Heilungsprozess mit einer Vielzahl\u00a0<strong>ganzheitlicher Therapieangebote<\/strong>\u00a0und verschiedenen\u00a0<strong>alternativen Behandlungsmethoden<\/strong>\u00a0aus dem Bereich der Traditionellen Chinesischen Medizin, der Klassischen Hom\u00f6opathie, der Anthroposophischen Medizin, der Pflanzenheilkunde, der Ern\u00e4hrung, der Vitamine und Mineralien ganz individuell gestalten.<br \/>\n<strong>Krankheit als Ausdruck unserer Seele<\/strong><br \/>\nAuf dem Hintergrund der Einheit von K\u00f6rper, Seele und Geist machen Krankheiten uns immer auf etwas aufmerksam und wollen ernst genommen werden. Wie genau K\u00f6rper und Seele miteinander kommunizieren, damit befassen sich seit langem alte Heiltraditionen wie Ayurveda, die Chinesische Medizin, die Klassische Hom\u00f6opathie und andere, seit einigen Jahrzehnten die Psychoneuroimmunologie.Deren Forschungsergebnisse besagen, dass alle Gef\u00fchle und Gedanken \u00fcber das Immunsystem, das endokrine System und das zentrale Nervensystem mit dem K\u00f6rper verbunden sind. Jedes Gef\u00fchl, ob bewusst oder verdr\u00e4ngt wird von biochemischen Reaktionen begleitet und hat somit eine physische Auswirkung. Viele Frauen, die unter Endometriose leiden, funktionieren oft perfekt in der Au\u00dfenwelt, \u00fcbernehmen zuviel Verantwortung und \u00fcbergehen damit ihre innersten Bed\u00fcrfnisse und W\u00fcnsche, ihr Energiefluss im Becken wird blockiert und ihr Immunsystem geschw\u00e4cht. Auf die Endometrioseerkrankung zu h\u00f6ren bedeutet dann, dem eigenen K\u00f6rper, dem Frausein, erfahrenen Verletzungen und Schmerzen Beachtung zu schenken. ( siehe auch Systemische Aufstellarbeit ). Psychisches Leid zuzulassen und auszudr\u00fccken, ist ein \u00fcberaus heilsamer Prozess und setzt gebundene Energien wieder frei. Indem Frauen sich selbst, ihre Tr\u00e4ume und ihren inneren Reichtum wiederentdecken und diesen ins Leben tragen, sich selbst geb\u00e4ren, k\u00f6nnen sie sich seelisch und k\u00f6rperlich heilen.<br \/>\n<strong>Umweltbelastungen und pers\u00f6nliche St\u00f6rfelder<\/strong><br \/>\nVielerlei Umwelteinfl\u00fcsse belasten das Immunsystem. So hat man im Rahmen einer Forschungsstudie festgestellt, dass Affenweibchen, die mit Dioxin gef\u00fcttert worden waren, an Endometriose erkrankten. Es ist erwiesen, dass Umweltgifte Hormonwirkungen nachahmen und ausl\u00f6sen k\u00f6nnen. Umgebungen mit giftigen Holzschutzmitteln, Schimmelpilzen, elektromagnetischen Strahlungen schw\u00e4chen den Organismus, aber auch individuelle St\u00f6rfelder, wie z.B. unvertr\u00e4glicher Zahnersatz, Entz\u00fcndungsherde im K\u00f6rper, Narben nach fr\u00fcheren Operationen, Schwermetallbelastungen, Stoffwechselschlacken. Die Reduzierung von Umwelt belastenden Faktoren im pers\u00f6nlichen Bereich, die Beseitigung k\u00f6rperlicher St\u00f6rfelder, die Reinigung des Organismus f\u00f6rdern den Genesungsprozess.<br \/>\n<strong>Ern\u00e4hrung<\/strong><br \/>\nDa Endometriose auf \u00d6strogen reagiert und die Symptome durch \u00d6strogen verst\u00e4rkt werden, ebenso durch ein Ungleichgewicht der Linols\u00e4uren, ist eine ballaststoffreiche Ern\u00e4hrung f\u00fcr Endometrioseerkrankte Frauen von Bedeutung. Vegetarierinnen scheiden z.B. 2 bis 3 mal mehr \u00d6strogen aus als Nichtvegetarierinnen. Bei der Endometrioseerkrankung ist es besonders wichtig, unges\u00e4ttigte Fetts\u00e4uren zum Ausgleich der Linols\u00e4uren zu verzehren. Unges\u00e4ttigte Fetts\u00e4uren wirken positiv auf die Prostaglandinbildung, die von den Endometriosezellen freigegeben werden und zu Schmerzen f\u00fchren. Auch Nahrungserg\u00e4nzungsmittel wie B Vitamine, A C E, Selen, Magnesium, usw. haben eine positive Wirkung f\u00fcr den Gesundungsprozess.<br \/>\n<strong>Organreinigungen<\/strong>\u00a0( siehe auch unter Organreinigungen )<br \/>\nDie Leber spielt eine entscheidende Rolle bei der Verarbeitung des \u00d6strogens im K\u00f6rper. Sie nimmt das \u00d6strogen auf und wandelt es in \u00d6striol und in \u00d6stradiol um. Hohe Umwandlungsraten schw\u00e4chen die Symptome der Endometrioseerkrankung. F\u00fcr endometrioseerkrankte Frauen gilt es, den\u00a0<strong>Darm<\/strong>, in dem 60 % des Immunsystems angesiedelt ist, sowie die\u00a0<strong>Leber<\/strong>\u00a0zu st\u00e4rken. Eine Reinigung des Darms und der Leber geh\u00f6ren zum Heilungsprozess der Endometriose dazu.<br \/>\n<strong>Mein ganzheitliches Beratungs- und Therapieangebot<\/strong>\u00a0f\u00fcr Endometrioseerkrankte Frauen beinhaltet:<br \/>\n<strong>Beratung<\/strong>\u00a0\u00fcber Ern\u00e4hrung, Nahrungserg\u00e4nzungsmittel, Reinigungsm\u00f6glichkeiten des Organismus, usw.<br \/>\n<strong>Therapiesitzung(en)<\/strong>: Endometrioseerkrankung als Ausdruck der Seele<\/p>\n","protected":false},"excerpt":{"rendered":"<p>Endometriose ganzheitlich verstehen und heilen Endometriose ist\u00a0eine chronische Erkrankung von Frauen im Alter von der 1. Regelblutung bis zu den Wechseljahren und dar\u00fcber hinaus. Etwa 7 bis 15 Prozent aller Frauen \u2013 in Deutschland etwa 2 bis 6 Millionen \u2013 leiden unter dieser Erkrankung. Sie ist die zweith\u00e4ufigste gutartige gyn\u00e4kologische Erkrankung.Endometriose bezeichnet\u00a0geb\u00e4rmutterschleimhaut\u00e4hnliches Gewebe, das au\u00dferhalb&hellip; <a class=\"more-link\" href=\"https:\/\/ww2.sibylle-wilcken.de\/index.php\/endometriose\/\"><span class=\"screen-reader-text\">Endometriose<\/span> weiterlesen<\/a><\/p>\n","protected":false},"author":1,"featured_media":0,"parent":0,"menu_order":0,"comment_status":"closed","ping_status":"closed","template":"","meta":{"footnotes":""},"class_list":["post-50","page","type-page","status-publish","hentry","entry"],"_links":{"self":[{"href":"https:\/\/ww2.sibylle-wilcken.de\/index.php\/wp-json\/wp\/v2\/pages\/50","targetHints":{"allow":["GET"]}}],"collection":[{"href":"https:\/\/ww2.sibylle-wilcken.de\/index.php\/wp-json\/wp\/v2\/pages"}],"about":[{"href":"https:\/\/ww2.sibylle-wilcken.de\/index.php\/wp-json\/wp\/v2\/types\/page"}],"author":[{"embeddable":true,"href":"https:\/\/ww2.sibylle-wilcken.de\/index.php\/wp-json\/wp\/v2\/users\/1"}],"replies":[{"embeddable":true,"href":"https:\/\/ww2.sibylle-wilcken.de\/index.php\/wp-json\/wp\/v2\/comments?post=50"}],"version-history":[{"count":1,"href":"https:\/\/ww2.sibylle-wilcken.de\/index.php\/wp-json\/wp\/v2\/pages\/50\/revisions"}],"predecessor-version":[{"id":51,"href":"https:\/\/ww2.sibylle-wilcken.de\/index.php\/wp-json\/wp\/v2\/pages\/50\/revisions\/51"}],"wp:attachment":[{"href":"https:\/\/ww2.sibylle-wilcken.de\/index.php\/wp-json\/wp\/v2\/media?parent=50"}],"curies":[{"name":"wp","href":"https:\/\/api.w.org\/{rel}","templated":true}]}}