{"id":52,"date":"2023-07-18T17:38:49","date_gmt":"2023-07-18T17:38:49","guid":{"rendered":"https:\/\/ww2.sibylle-wilcken.de\/?page_id=52"},"modified":"2023-07-18T17:38:49","modified_gmt":"2023-07-18T17:38:49","slug":"organreinigungen","status":"publish","type":"page","link":"https:\/\/ww2.sibylle-wilcken.de\/index.php\/organreinigungen\/","title":{"rendered":"Organreinigungen"},"content":{"rendered":"<h3>Organreinigungen<\/h3>\n<p>Unser K\u00f6rper tr\u00e4gt uns durch unser Leben. Auf ganzheitliche Weise, \u00fcber die seelische Arbeit, Ern\u00e4hrung, Bewegung, Entspannung, Meditation, Umweltbewusstsein k\u00f6nnen wir viel daf\u00fcr tun, gesund zu werden und zu bleiben. Ein Hausputz unseres K\u00f6rpers von alten Schlacken und Giften ist eine optimale Vorraussetzung sich zu regenerieren. Die Organreinigung des Darms, der Leber, der Niere und anderen Organen geh\u00f6rt zu einer alten Heilweise aus der russischen Volksheilkunde, ist aber auch bekannt im Ayurveda und Yoga Indiens. Ebenso verwies Hildegard von Bingen darauf, dass Leib und Seele eine gut Ehe f\u00fchren sollten.<br \/>\nDer Ausgangsgedanke der Organreinigungen ist der, dass der Organismus gereinigt werden muss, da er sonst verstopft, vergiftet und erkrankt. Der menschliche Organismus reinigt sich vorwiegend \u00fcber den Darm, in dem das Immunsystem zu 60 % und mehr angesiedelt ist, \u00fcber die Leber und die Nieren. Falls diese Organe geschw\u00e4cht sind, versucht sich der K\u00f6rper \u00fcber die Haut, Lunge, Bronchien, Nase und Ohren zu reinigen. Da jede Zone des Darms in Beziehung zu einem Teil des Organismus steht, schw\u00e4chen Ablagerungen im Darm die jeweiligen dazugeh\u00f6rigen Organe. Darmreinigungen mit Einl\u00e4ufen k\u00f6nnen nach tibetischen Lehren mehr als 80% der Krankheiten im menschlichen Organismus heilen. Dar\u00fcber hinaus sind sie eine gute Vorraussetzung f\u00fcr weitere Organreinigungen.<br \/>\nAls zentrales Stoffwechselorgan mit Hunderten verschiedenster Funktionen leidet die Leber am meisten unter einer \u00dcberbelastung von Giften, schlechter Ern\u00e4hrung, Bewegungsmangel und Stress. Dar\u00fcberhinaus gibt es seit ungef\u00e4hr 100 Jahren Umweltgifte, auf die wir genetisch nicht vorbereitet sind. Viele Erkrankungen sind insofern als Folge einer belasteten Leber zu verstehen. Ihre Reinigungskraft mit einer Leber- und Gallenblasenreinigung zu st\u00e4rken, hat eine gro\u00dfe Wirkung f\u00fcr unsere Lebenskraft und damit f\u00fcr unsere Gesundheit. Auf grund meiner eigenen Erfahrungen mit Organreinigungen bin ich von deren Wirksamkeit auch bei chronischen Erkrankungen \u00fcberzeugt.<br \/>\nOrganreinigungen k\u00f6nnen wir selbst anwenden und somit eigenverantwortlich, aktiv und preisg\u00fcnstig etwas f\u00fcr unsere Gesundheit tun. Mein Wissen \u00fcber diese und andere alte Heilweisen, \u00fcber Ern\u00e4hrung und M\u00f6glichkeiten der Entgiftung gebe ich in Form von Vortr\u00e4gen und im Rahmen meiner ganzheitlichen Arbeitsweise weiter.<\/p>\n<h4>Buchtitel zum Thema<\/h4>\n<ul>\n<li>Sch\u00e4tze der Volksmedizin aus Russland \u2013 Jegweni Awerbuch<\/li>\n<li>Die wundersame Leber- und Gallenblasenreinigung \u2013 Andreas Moritz<\/li>\n<\/ul>\n","protected":false},"excerpt":{"rendered":"<p>Organreinigungen Unser K\u00f6rper tr\u00e4gt uns durch unser Leben. Auf ganzheitliche Weise, \u00fcber die seelische Arbeit, Ern\u00e4hrung, Bewegung, Entspannung, Meditation, Umweltbewusstsein k\u00f6nnen wir viel daf\u00fcr tun, gesund zu werden und zu bleiben. Ein Hausputz unseres K\u00f6rpers von alten Schlacken und Giften ist eine optimale Vorraussetzung sich zu regenerieren. Die Organreinigung des Darms, der Leber, der Niere&hellip; <a class=\"more-link\" href=\"https:\/\/ww2.sibylle-wilcken.de\/index.php\/organreinigungen\/\"><span class=\"screen-reader-text\">Organreinigungen<\/span> weiterlesen<\/a><\/p>\n","protected":false},"author":1,"featured_media":0,"parent":0,"menu_order":0,"comment_status":"closed","ping_status":"closed","template":"","meta":{"footnotes":""},"class_list":["post-52","page","type-page","status-publish","hentry","entry"],"_links":{"self":[{"href":"https:\/\/ww2.sibylle-wilcken.de\/index.php\/wp-json\/wp\/v2\/pages\/52","targetHints":{"allow":["GET"]}}],"collection":[{"href":"https:\/\/ww2.sibylle-wilcken.de\/index.php\/wp-json\/wp\/v2\/pages"}],"about":[{"href":"https:\/\/ww2.sibylle-wilcken.de\/index.php\/wp-json\/wp\/v2\/types\/page"}],"author":[{"embeddable":true,"href":"https:\/\/ww2.sibylle-wilcken.de\/index.php\/wp-json\/wp\/v2\/users\/1"}],"replies":[{"embeddable":true,"href":"https:\/\/ww2.sibylle-wilcken.de\/index.php\/wp-json\/wp\/v2\/comments?post=52"}],"version-history":[{"count":1,"href":"https:\/\/ww2.sibylle-wilcken.de\/index.php\/wp-json\/wp\/v2\/pages\/52\/revisions"}],"predecessor-version":[{"id":53,"href":"https:\/\/ww2.sibylle-wilcken.de\/index.php\/wp-json\/wp\/v2\/pages\/52\/revisions\/53"}],"wp:attachment":[{"href":"https:\/\/ww2.sibylle-wilcken.de\/index.php\/wp-json\/wp\/v2\/media?parent=52"}],"curies":[{"name":"wp","href":"https:\/\/api.w.org\/{rel}","templated":true}]}}