{"id":54,"date":"2023-07-18T17:39:04","date_gmt":"2023-07-18T17:39:04","guid":{"rendered":"https:\/\/ww2.sibylle-wilcken.de\/?page_id=54"},"modified":"2023-07-18T17:39:04","modified_gmt":"2023-07-18T17:39:04","slug":"brustkrebs","status":"publish","type":"page","link":"https:\/\/ww2.sibylle-wilcken.de\/index.php\/brustkrebs\/","title":{"rendered":"Brustkrebs"},"content":{"rendered":"<h3>Brustkrebs und wie viel Raum nehme ich mir<\/h3>\n<p>Die Diagnose\u00a0<strong>Brustkrebs<\/strong>\u00a0bedeutet f\u00fcr alle Betroffenen und ihre Angeh\u00f6rigen eine tiefe seelische Ersch\u00fctterung. Angst, Unsicherheit, R\u00fcckzug und Wut treten h\u00e4ufig als erste Reaktion auf und die Frage, wie geht es f\u00fcr mich weiter.<br \/>\nUnsere\u00a0<strong>sensiblen Br\u00fcste<\/strong>\u00a0sind ein kostbarer Ort, erleben wir doch \u00fcber sie tiefe Gl\u00fccksgef\u00fchle, Sinnlichkeit, sexuelle Lust und Geborgenheit.In der Achtsamkeit unseren Br\u00fcsten gegen\u00fcber k\u00f6nnen wir immer wieder ersp\u00fcren, ob wir mit unserem Leben als Frau, mit unserer Weiblichkeit, Mutterschaft, Geben und Nehmen im Einklang sind. Wir k\u00f6nnen uns dar\u00fcber hinaus fragen, ob wir aus der N\u00e4he der Br\u00fcste zu unserem Herzen aus der\u00a0<strong>Herzenskraft<\/strong>\u00a0unser Leben gestalten.\u00a0<strong>Besonders<\/strong>\u00a0wir Frauen sind immer noch geneigt,\u00a0<strong>zu nett<\/strong>\u00a0zu sein, uns mit der F\u00fcrsorge f\u00fcr andere zu\u00a0<strong>verausgaben<\/strong>\u00a0und eigene Gef\u00fchle der Verletzung, des Kummers, der Aggression, Bed\u00fcrfnisse nach einem stimmigen und erf\u00fcllten Leben hinten anzustellen. Erkrankungen sind dann h\u00e4ufig eine Folge. Bei aller Schwere der Brustkrebserkrankung ist sie auch immer wieder eine Verb\u00fcndete, dem Leben\u00a0<strong>eine andere Richtung<\/strong>\u00a0zu geben. So kann jede brustkrebserkrankte Frau sich fragen, was sie aus der Tiefe ihres Herzens\u00a0<strong>wirklich will und nicht will<\/strong>\u00a0und auf diese Weise ihre eigenen Heilungskr\u00e4fte aktivieren.<br \/>\n<strong>Mein Ganzheitliches Beratungs- und Therapieangebot<\/strong>\u00a0f\u00fcr brustkrebserkrankre Frauen beinhaltet:<br \/>\n<strong>Beratung<\/strong>\u00a0\u00fcber Ern\u00e4hrung, Organreinigungen, usw.<br \/>\n<strong>Therapiesitzung(en)<\/strong><\/p>\n","protected":false},"excerpt":{"rendered":"<p>Brustkrebs und wie viel Raum nehme ich mir Die Diagnose\u00a0Brustkrebs\u00a0bedeutet f\u00fcr alle Betroffenen und ihre Angeh\u00f6rigen eine tiefe seelische Ersch\u00fctterung. Angst, Unsicherheit, R\u00fcckzug und Wut treten h\u00e4ufig als erste Reaktion auf und die Frage, wie geht es f\u00fcr mich weiter. Unsere\u00a0sensiblen Br\u00fcste\u00a0sind ein kostbarer Ort, erleben wir doch \u00fcber sie tiefe Gl\u00fccksgef\u00fchle, Sinnlichkeit, sexuelle Lust&hellip; <a class=\"more-link\" href=\"https:\/\/ww2.sibylle-wilcken.de\/index.php\/brustkrebs\/\"><span class=\"screen-reader-text\">Brustkrebs<\/span> weiterlesen<\/a><\/p>\n","protected":false},"author":1,"featured_media":0,"parent":0,"menu_order":0,"comment_status":"closed","ping_status":"closed","template":"","meta":{"footnotes":""},"class_list":["post-54","page","type-page","status-publish","hentry","entry"],"_links":{"self":[{"href":"https:\/\/ww2.sibylle-wilcken.de\/index.php\/wp-json\/wp\/v2\/pages\/54","targetHints":{"allow":["GET"]}}],"collection":[{"href":"https:\/\/ww2.sibylle-wilcken.de\/index.php\/wp-json\/wp\/v2\/pages"}],"about":[{"href":"https:\/\/ww2.sibylle-wilcken.de\/index.php\/wp-json\/wp\/v2\/types\/page"}],"author":[{"embeddable":true,"href":"https:\/\/ww2.sibylle-wilcken.de\/index.php\/wp-json\/wp\/v2\/users\/1"}],"replies":[{"embeddable":true,"href":"https:\/\/ww2.sibylle-wilcken.de\/index.php\/wp-json\/wp\/v2\/comments?post=54"}],"version-history":[{"count":1,"href":"https:\/\/ww2.sibylle-wilcken.de\/index.php\/wp-json\/wp\/v2\/pages\/54\/revisions"}],"predecessor-version":[{"id":55,"href":"https:\/\/ww2.sibylle-wilcken.de\/index.php\/wp-json\/wp\/v2\/pages\/54\/revisions\/55"}],"wp:attachment":[{"href":"https:\/\/ww2.sibylle-wilcken.de\/index.php\/wp-json\/wp\/v2\/media?parent=54"}],"curies":[{"name":"wp","href":"https:\/\/api.w.org\/{rel}","templated":true}]}}