{"id":59,"date":"2023-07-18T17:39:38","date_gmt":"2023-07-18T17:39:38","guid":{"rendered":"https:\/\/ww2.sibylle-wilcken.de\/?page_id=59"},"modified":"2023-07-18T17:39:38","modified_gmt":"2023-07-18T17:39:38","slug":"zu-meiner-person","status":"publish","type":"page","link":"https:\/\/ww2.sibylle-wilcken.de\/index.php\/zu-meiner-person\/","title":{"rendered":"Zu meiner Person"},"content":{"rendered":"<h3>Zu meiner Person<\/h3>\n<p><img loading=\"lazy\" decoding=\"async\" class=\"right\" src=\"https:\/\/www.sibylle-wilcken.de\/imagetypes\/pic_200\/s.wilcken_portait.jpg\" width=\"250\" height=\"341\" \/><\/p>\n<p>Ich bin 1951 in L\u00fcbeck geboren und Mutter eines erwachsenen Sohnes.<br \/>\nDie Symptome meiner Endometrioseerkrankung in jungen Jahren forderten mich in ungew\u00f6hnlicher Weise heraus, meinem Leben eine andere Richtung zu geben. Neben professionellen Hilfen habe ich meinen Heilungsprozess selbst gestaltet, mein Inneres auf verschiedenste Weise \u201eerforscht\u201c, Neues gewagt bis hin zur Genesung.<\/p>\n<p>Daf\u00fcr brauchte ich Geduld, Achtsamkeit, Offenheit und Mut.<br \/>\nMenschen auf ihrem Weg zu sich selbst zu ermutigen, ist mir ein besonderes Anliegen geworden.<br \/>\n1978 begann ich als Diplom-P\u00e4dagogin im Suchtbereich mit Alkoholikern zu arbeiten, von 1981 bis jetzt auch immer wieder mit essgest\u00f6rten Frauen.<br \/>\nIm Rahmen der\u00a0<span class=\"caps\">DGSP<\/span>\u00a0( Deutsche Gesellschaft f\u00fcr Soziale Psychiatrie ) befasste ich mich mit Konzepten einer gemeindenahen Psychiatrie und war aus diesem Grunde 1981 Gr\u00fcndungmitglied und Mitarbeiterin des Kieler Vereines zur F\u00f6rderung im Gesundheitswesen e.V. f\u00fcr einige Jahre.<br \/>\nAls Teilnehmerin einer Atemgruppe erlebte ich von 1980 bis 1984 die Heilkraft in der zugelassenen und bewussten Atembewegung. Rebirthing, meditative Atemtechniken, Yoga\u00fcbungen und der kreative Tanz f\u00f6rderten eine tiefe Wahrnehmungs- und Empfindungsf\u00e4higkeit meiner selbst.<br \/>\nVon 1982 bis 1986 erweiterte ich mein therapeutisches Wissen durch eine GestaltTherapieausbildung, von 1987 bis 1990 in k\u00f6rperorientierter Psychotherapie.<br \/>\nMeine damals begonnenen t\u00e4glichen Meditationen brachten mich in Kontakt mit meiner inneren Stimme und Spiritualit\u00e4t sowie einer starken Heilungskraft.<br \/>\n1989 wurde ich Mutter. F\u00fcr diese Zeit und ihren Erfahrungen bin ich \u00fcberaus dankbar.<br \/>\n1994 erhielt ich die Zulassung zur Psychotherapeutischen Heilpraktikerin und arbeite seitdem in freier Praxis f\u00fcr Ganzheitliche Therapie. Von 2001 bis 2002 erlernte ich verschiedene wirkungsvolle energetische Heilmethoden und von 2003 bis 2006 befasste ich mich w\u00e4hrend einer Ausbildung zur Systemischen Familientherapeutin mit der Integration dieser Methode in meine ganzheitliche Arbeitsweise. Meine Freude am Tanzen, dem kreativen Ausdruck verschiedener Stimmungen lebe ich seit 2002 in dem Tanz der 5 Rhythmen und anderen freien Tanzangeboten.<br \/>\nAus meiner Liebe und tiefen Verbundenheit zur Natur entwickelte ich seit 2004 Jahreszeitenrituale in der Natur, die mich und andere sehr erf\u00fcllen.<br \/>\nInnerhalb meiner therapeutischen Arbeit war ich immer wieder mit unterschiedlichen Traumasymptomen meiner Klienten\/innen konfrontiert. In diesem Zusammenhang wurden seit 2010 auch Generations\u00fcbergreifende Traumata, deren Wirkungsweise und Heilung ein Schwerpunktthema meiner ganzheitlichen systemischen Arbeitsweise.<br \/>\nW\u00e4hrend all dieser Jahre habe ich mir Kenntnisse im Bereich einer gesunden Ern\u00e4hrungs- und Lebensweise angeeignet, ebenso Wissen \u00fcber Alternative Heilmethoden wie Klassische Hom\u00f6opathie, Ayurveda, Reinigung des Organismus.<br \/>\nAll das Genannte, Erfahrene und Erlernte gebe ich immer wieder gerne in meinen verschiedenen Angeboten weiter.<\/p>\n<h4>Ausbildungen<\/h4>\n<ul>\n<li>Diplom-P\u00e4dagogin, Erzieherin<\/li>\n<li>Psychotherapeutische Heilpraktikerin<\/li>\n<li>Gestalttherapeutin, Systemische Familientherapeutin<\/li>\n<\/ul>\n<p>Berufsorientierte Weiterbildungen:<\/p>\n<ul>\n<li>Ausbildung in Gestalttherapie nach F.Perls<\/li>\n<li>Ausbildung in Systemischer Familientherapie bei B.Winter<\/li>\n<li>Ausbildung in alternativen Heilverfahren bei M.Jensen<\/li>\n<li>Fortbildungen in Atemtherapie nach I.Middendorf<\/li>\n<li>Fortbildungen in K\u00f6rperorientierter Therapie nach G.Downing<\/li>\n<li>Fortbildungen im Tanz der 5 Rhythmen bei Bettina Leuckert, M.K\u00fchn, S.Darling Khan<\/li>\n<li>Fortbildungen in Beratung und Therapie f\u00fcr traumatisierte Frauen bei P.Hilsenbeck<\/li>\n<\/ul>\n<ul>\n<li>Entwicklung ganzheitlicher systemischer Konzepte f\u00fcr die Traumatherapie<\/li>\n<li>Ausarbeitung verschiedener Workshops mit der Thematik: Generations\u00fcbergreifende Traumata<\/li>\n<li>Entwicklung von Jahreszeitenritualen in der Natur und von Ritualen zu besonderen Anl\u00e4ssen<\/li>\n<li>40- j\u00e4hrige therapeutische Erfahrung und Meditationspraxis<\/li>\n<\/ul>\n","protected":false},"excerpt":{"rendered":"<p>Zu meiner Person Ich bin 1951 in L\u00fcbeck geboren und Mutter eines erwachsenen Sohnes. Die Symptome meiner Endometrioseerkrankung in jungen Jahren forderten mich in ungew\u00f6hnlicher Weise heraus, meinem Leben eine andere Richtung zu geben. Neben professionellen Hilfen habe ich meinen Heilungsprozess selbst gestaltet, mein Inneres auf verschiedenste Weise \u201eerforscht\u201c, Neues gewagt bis hin zur Genesung.&hellip; <a class=\"more-link\" href=\"https:\/\/ww2.sibylle-wilcken.de\/index.php\/zu-meiner-person\/\"><span class=\"screen-reader-text\">Zu meiner Person<\/span> weiterlesen<\/a><\/p>\n","protected":false},"author":1,"featured_media":0,"parent":0,"menu_order":0,"comment_status":"closed","ping_status":"closed","template":"","meta":{"footnotes":""},"class_list":["post-59","page","type-page","status-publish","hentry","entry"],"_links":{"self":[{"href":"https:\/\/ww2.sibylle-wilcken.de\/index.php\/wp-json\/wp\/v2\/pages\/59","targetHints":{"allow":["GET"]}}],"collection":[{"href":"https:\/\/ww2.sibylle-wilcken.de\/index.php\/wp-json\/wp\/v2\/pages"}],"about":[{"href":"https:\/\/ww2.sibylle-wilcken.de\/index.php\/wp-json\/wp\/v2\/types\/page"}],"author":[{"embeddable":true,"href":"https:\/\/ww2.sibylle-wilcken.de\/index.php\/wp-json\/wp\/v2\/users\/1"}],"replies":[{"embeddable":true,"href":"https:\/\/ww2.sibylle-wilcken.de\/index.php\/wp-json\/wp\/v2\/comments?post=59"}],"version-history":[{"count":1,"href":"https:\/\/ww2.sibylle-wilcken.de\/index.php\/wp-json\/wp\/v2\/pages\/59\/revisions"}],"predecessor-version":[{"id":60,"href":"https:\/\/ww2.sibylle-wilcken.de\/index.php\/wp-json\/wp\/v2\/pages\/59\/revisions\/60"}],"wp:attachment":[{"href":"https:\/\/ww2.sibylle-wilcken.de\/index.php\/wp-json\/wp\/v2\/media?parent=59"}],"curies":[{"name":"wp","href":"https:\/\/api.w.org\/{rel}","templated":true}]}}