{"id":7,"date":"2023-07-18T17:33:13","date_gmt":"2023-07-18T17:33:13","guid":{"rendered":"https:\/\/ww2.sibylle-wilcken.de\/?page_id=7"},"modified":"2023-07-18T17:33:13","modified_gmt":"2023-07-18T17:33:13","slug":"ganzheitliche-systemische-therapie","status":"publish","type":"page","link":"https:\/\/ww2.sibylle-wilcken.de\/index.php\/ganzheitliche-systemische-therapie\/","title":{"rendered":"Ganzheitliche Systemische Therapie"},"content":{"rendered":"<p>Ich begr\u00fc\u00dfe Sie auf meiner Homepage.<br \/>\nInnerhalb meiner ganzheitlichen und systemischen Arbeitsweise verbinde ich therapeutisches Wissen mit spirituellem Bewusstsein und neuen und traditionellen Heilmethoden.<br \/>\nGerne begleite und unterst\u00fctze ich Sie auf Ihren pers\u00f6nlichen Heilungswegen.<\/p>\n<p>Seit \u00fcber 40 Jahren begleite und unterst\u00fctze ich Menschen auf ihrem Weg zu sich selbst und st\u00e4rke ihren Mut f\u00fcr ein gesundes und erf\u00fclltes Leben. Krisen, seelische und k\u00f6rperliche Erkrankungen geben oft erst den Ansto\u00df, hinzusp\u00fcren, was wirklich wichtig ist, achtsamer zu werden, sich zu erweitern und neu zu finden. So haben sie ihre Bedeutung und sind ein Wegweiser f\u00fcr ein Leben im Einklang mit sich selbst und anderen.\u00a0<strong>Heilung<\/strong>\u00a0geschieht f\u00fcr mich immer ganzheitlich und beinhaltet die Wechselbeziehung zwischen K\u00f6rper, Seele und Geist, zu einem generations\u00fcbergreifenden Familiensystem, zur Gesellschaft, zur Natur, zu einem gr\u00f6\u00dferen Ganzen. Sie geschieht, wenn wir uns von alten Belastungen, Traumata aus unserer Kindheit und den geerbten Problemen unserer Familienmitglieder befreien und aus der Tiefe unseres Herzens erfahren, wer wir wirklich sind und wohin wir wollen. Mit meiner ganzheitlichen, systemischen Arbeitsweise, meinem langj\u00e4hrigen therapeutischem Wissen, meinen Erfahrungen und meiner Intuition unterst\u00fctze ich individuell den jeweiligen Prozess von Menschen, die zu mir kommen.<\/p>\n<h4>Meine Schwerpunktthemen sind<\/h4>\n<p>*Pers\u00f6nliche Entfaltung, Sinnfindung und Heilung<br \/>\n*Famili\u00e4re Kl\u00e4rungs- und L\u00f6sungsarbeit<br \/>\n*Traumata erkennen und heilen: Schock- und Entwicklungstrauma sowie Generations\u00fcbergreifendes Trauma<br \/>\n*Wir Kinder der Kriegskinder<br \/>\n*Arbeit mit dem inneren Kind<br \/>\n*Alternative Heilverfahren<br \/>\n*Frauen und Gesundheit<\/p>\n<h4>Meine Methoden sind<\/h4>\n<ul>\n<li>Systemische Familientherapie<\/li>\n<li>Gestalttherapie<\/li>\n<li>Trauma-Therapie<\/li>\n<li>K\u00f6rpertherapie, Atemarbeit und Tanz<\/li>\n<\/ul>\n<p>Ausbildungen, siehe zu meiner Person<\/p>\n<h4>Meine Angebote sind<\/h4>\n<ul>\n<li>Ganzheitliche Systemische Einzeltherapie<\/li>\n<li>Aufstellungen<\/li>\n<li>Monatsgruppe: Mit Achtsamkeit zu deinem Ziel<\/li>\n<li>Wir Kinder der Kriegskinder: Workshops und Vortr\u00e4ge<\/li>\n<\/ul>\n<h4>Vortr\u00e4ge und Workshops zum Erkennen unseres Familiensystems<\/h4>\n<p><strong>Vortrag aus familiensystemischer Sicht<\/strong><br \/>\nWir Kinder der Kriegskinder \u2013 Was weiter wirkt \u2013<br \/>\nGenerations\u00fcbergreifende Traumata und l\u00f6sende Kr\u00e4fte<br \/>\n<strong>Gespr\u00e4chsrunde:<\/strong>\u00a0Famili\u00e4res Erbe<br \/>\n<strong>Workshops:<\/strong><br \/>\nDrei Frauen \u2013 Drei Generationen<br \/>\nMeine Gro\u00dfmutter, meine Mutter und ich<br \/>\nIch und mein Kind \u2013 Was weiter wirkt<br \/>\nBeziehungsprobleme und Bindungs\u00e4ngste &#8211;<br \/>\nGenerations\u00fcbergreifende Belastungen<br \/>\nSelbstwert und Schuldgef\u00fchle \u2013 Generations\u00fcbergreifende Belastungen<br \/>\nund andere<\/p>\n<h4>Gruppenangebot f\u00fcr Frauen<\/h4>\n<p><strong>Mit Achtsamkeit zu Deinem Ziel<\/strong><br \/>\nEinmal im Monat, montags von 18.30 \u2013 21.00 Uhr<\/p>\n<h4>Frauen und Gesundheit<\/h4>\n<p>Achtsamkeit, Selbstwert, Depression, Essst\u00f6rungen,<br \/>\nEndometriose, Myome und Pr\u00e4menstruelles Syndrom,<br \/>\nunerf\u00fcllter Kinderwunsch, Wechseljahre,<br \/>\nAbtreibung, Burnout, Brustkrebs<\/p>\n","protected":false},"excerpt":{"rendered":"<p>Ich begr\u00fc\u00dfe Sie auf meiner Homepage. Innerhalb meiner ganzheitlichen und systemischen Arbeitsweise verbinde ich therapeutisches Wissen mit spirituellem Bewusstsein und neuen und traditionellen Heilmethoden. Gerne begleite und unterst\u00fctze ich Sie auf Ihren pers\u00f6nlichen Heilungswegen. Seit \u00fcber 40 Jahren begleite und unterst\u00fctze ich Menschen auf ihrem Weg zu sich selbst und st\u00e4rke ihren Mut f\u00fcr ein&hellip; <a class=\"more-link\" href=\"https:\/\/ww2.sibylle-wilcken.de\/index.php\/ganzheitliche-systemische-therapie\/\"><span class=\"screen-reader-text\">Ganzheitliche Systemische Therapie<\/span> weiterlesen<\/a><\/p>\n","protected":false},"author":1,"featured_media":0,"parent":0,"menu_order":0,"comment_status":"closed","ping_status":"closed","template":"","meta":{"footnotes":""},"class_list":["post-7","page","type-page","status-publish","hentry","entry"],"_links":{"self":[{"href":"https:\/\/ww2.sibylle-wilcken.de\/index.php\/wp-json\/wp\/v2\/pages\/7","targetHints":{"allow":["GET"]}}],"collection":[{"href":"https:\/\/ww2.sibylle-wilcken.de\/index.php\/wp-json\/wp\/v2\/pages"}],"about":[{"href":"https:\/\/ww2.sibylle-wilcken.de\/index.php\/wp-json\/wp\/v2\/types\/page"}],"author":[{"embeddable":true,"href":"https:\/\/ww2.sibylle-wilcken.de\/index.php\/wp-json\/wp\/v2\/users\/1"}],"replies":[{"embeddable":true,"href":"https:\/\/ww2.sibylle-wilcken.de\/index.php\/wp-json\/wp\/v2\/comments?post=7"}],"version-history":[{"count":1,"href":"https:\/\/ww2.sibylle-wilcken.de\/index.php\/wp-json\/wp\/v2\/pages\/7\/revisions"}],"predecessor-version":[{"id":8,"href":"https:\/\/ww2.sibylle-wilcken.de\/index.php\/wp-json\/wp\/v2\/pages\/7\/revisions\/8"}],"wp:attachment":[{"href":"https:\/\/ww2.sibylle-wilcken.de\/index.php\/wp-json\/wp\/v2\/media?parent=7"}],"curies":[{"name":"wp","href":"https:\/\/api.w.org\/{rel}","templated":true}]}}