{"id":9,"date":"2023-07-18T17:33:13","date_gmt":"2023-07-18T17:33:13","guid":{"rendered":"https:\/\/ww2.sibylle-wilcken.de\/?page_id=9"},"modified":"2023-07-18T17:33:13","modified_gmt":"2023-07-18T17:33:13","slug":"systemische-aufstellarbeit","status":"publish","type":"page","link":"https:\/\/ww2.sibylle-wilcken.de\/index.php\/systemische-aufstellarbeit\/","title":{"rendered":"Systemische Aufstellarbeit"},"content":{"rendered":"<p>Innerhalb der systemischen Aufstellarbeit erfahren wir unsere Pers\u00f6nlichkeit mit unseren Lebensthemen immer in Wechselbeziehung zu einem generations\u00fcbergreifenden Familiensystem, zur Gesellschaft, zur Natur, zu einem gr\u00f6\u00dferen Ganzen.<br \/>\nFamiliensystemisch betrachtet sind wir alle Teile einer \u201eFamilienseele\u201c, der Seele, die Generationen umfasst, in der jeder unbewusst das Schicksal des anderen kennt und als \u201eseelisches Erbe\u201c in sich tr\u00e4gt.<br \/>\nVerdr\u00e4ngte Lebensthemen unserer Vorfahren, ungel\u00f6ste Konflikte des Familiensystems, famili\u00e4re Verstrickungen wirken in den Familienangeh\u00f6rigen in belastender Weise fort. Viele k\u00f6rperliche und seelische Beschwerden wie Minderwertigkeitsgef\u00fchle, Depressionen, \u00c4ngste, Autoaggressionen, Gewalt, Traumata, S\u00fcchte und Erkrankungen haben ihre Wurzel in dem Schicksal der Eltern und Gro\u00dfeltern, usw. Das 20. Jahrhundert mit seinen zwei Weltkriegen, dem Nationalsozialismus, Holocaust, Flucht, Vaterlosigkeit, einem geteilten Deutschland hat unsere Vorfahren gepr\u00e4gt und damit uns auch.<br \/>\nBegeben wir uns auf die \u201eSpuren unserer Familiengeschichte\u201c, er\u00f6ffnen sich f\u00fcr uns selbst ganz neue Sichtweisen und Perspektiven.<br \/>\n<strong>siehe auch: Wir Kinder der Kriegskinder<\/strong><br \/>\nForschungsergebnisse der Transgenerationalen Traumaweitergabe besagen, dass Folgegenerationen der Kriegs-, Holocaust-, Flucht- und Folteropfer trotz fehlender eigener Erlebnisse typische traumatische Folgeerscheinungen wie die ihrer Eltern und Gro\u00dfeltern tragen.<br \/>\nF\u00fcr diese \u00dcbertragungen gibt es genetische, epigenetische, neurophysiologische Erkl\u00e4rungen sowie die Theorie des englischen Biologen Sheldrake \u00fcber unsichtbare Energiefelder, die Informationen enthalten, \u00fcber Zeit und Raum zirkulieren und jederzeit aufgenommen werden k\u00f6nnen. Innerhalb der Systemischen Aufstellarbeit sind die Stellvertreter mit diesen Energiefeldern verbunden und erfahren \u00fcber das \u201ewissende Feld\u201c nach Albrecht Mahr die tieferen urs\u00e4chlichen Zusammenh\u00e4nge der \u201eaufgestellten Problematik\u201c einer Person. Aufstellungsprozesse geben Raum, in die Tiefe unserer Seele zu schauen und hinzusp\u00fcren, das Wesentliche zu erfassen und Heilungsschritte zu erfahren.<\/p>\n<h4>Meine systemische Aufstellarbeit<\/h4>\n<p>In meine systemische Aufstellarbeit flie\u00dfen meine gestalt- und k\u00f6rpertherapeutischen Methoden, meine psychotherapeutischen Kenntnisse, meine spirituelle Ausrichtung, mein Wissen \u00fcber alternative Heilmethoden und Rituale ein.<br \/>\n<strong>Mein Schwerpunkt<\/strong>\u00a0liegt in der Einzel- und Paararbeit, im Supervisionsangebot und in der Arbeit mit Angeh\u00f6rigen f\u00fcr deren Kinder.<br \/>\nAuch Aufstellungen f\u00fcr Tiere sind m\u00f6glich.<br \/>\n<strong>Meine Aufstellungsinhalte sind:<\/strong><br \/>\n<strong>Konfliktthemen, seelische und k\u00f6rperliche Probleme und Erkrankungen<\/strong><br \/>\n<strong>Traumata: Schock- und Entwicklungstraumata, Generations\u00fcbergreifende Traumata<\/strong><br \/>\n<strong>Die Arbeit mit dem inneren Kind, mit Visualisierungen<\/strong><br \/>\nDiese Angebote sind ein- und mehrmalig und auch als fortlaufende therapeutische Methode gedacht. Ebenso biete ich abendliche Gruppenaufstellungen, familiensystemische Workshops und Vortr\u00e4ge an, die ich auch gerne in Einrichtungen und Praxen veranstalte.<br \/>\nIn der Einzelarbeit erarbeiten und benennen die nach L\u00f6sung suchende Person und ich deren jeweilige Problematik und W\u00fcnsche der Ver\u00e4nderung. Wir legen mit Hilfe verschieden farbiger Matten und Symbolen diese Thematik in den Raum. Als Stellvertreterin er\u00f6ffnen sich mir im Laufe des Aufstellungsprozesses \u00fcber K\u00f6rperempfindungen, Gef\u00fchle, Gedanken und innere Bilder in Kontakt zu dem\u00a0<strong>wissenden Feld<\/strong>\u00a0die zugrunde liegenden unbewussten, abgespaltenen Inhalte der aufgestellten Person und deren Problematik. Dieser sich entwickelnde Bewusstwerdungsprozess setzt enorme Heilungskr\u00e4fte frei. L\u00f6sungen entfalten sich in ganzheitlicher Weise. Parallel zu meinem Stellvertreterprozess bin ich im Kontakt und Gespr\u00e4ch mit der jeweiligen Person. Besonders in der Arbeit mit dem\u00a0<strong>inneren Kind<\/strong>\u00a0beziehe ich die Person gerne in den Aufstellungsprozess mit ein, damit sie \u00fcber das eigene Sp\u00fcren bewusst werdende Gef\u00fchle der Kindheit in heilsamer Weise neu integrieren kann. In\u00a0<strong>Traumaaufstellungen<\/strong>\u00a0arbeite ich \u00fcberwiegend als Stellvertreterin f\u00fcr die emotionale und k\u00f6rperliche Belastung der jeweiligen Person, so dass diese aus der Distanz zu der eigenen Problematik sich gesch\u00fctzt und sicher f\u00fchlen kann. Verbunden mit den \u201ewissenden Heilungsenergien\u201c, meiner Ausrichtung auf die k\u00f6rperlichen Prozesse und die innere gef\u00fchlte Realit\u00e4t, mit der Unterst\u00fctzung von Ressourcen und Wahlm\u00f6glichkeiten werden heilende Prozesse wirksam. Innerhalb der Aufstellungsprozesse geht es immer wieder um Bewusstwerdung, Akzeptanz, Integration und pers\u00f6nliches Wachstum zu mehr Authentizit\u00e4t, Achtsamkeit, Mut, Liebe, Verantwortung und Gesundheit. Es erfordert immer wieder Mut, sich der Vergangenheit zu \u00f6ffnen, achtsam im Hier und Jetzt zu sein und die eigenen Tr\u00e4ume und Visionen in die Zukunft zu bringen. Es ist mir ein Herzensanliegen, Menschen zu ermuntern, sich von ihrem\u00a0<strong>Leiden zu befreien<\/strong>\u00a0und darin zu st\u00e4rken, das eigene Leben und das Leben anderer lebenswert zu gestalten. Mit den folgenden Worten von Mahatma Gandhi f\u00fchle ich mich sehr verbunden. \u201eSei du selbst die Ver\u00e4nderung, die du dir w\u00fcnschst f\u00fcr diese Welt\u201c.<\/p>\n<h4>Vortrag: Was in uns weiter wirkt<\/h4>\n<p>Generation\u00fcbergreifende Traumata und l\u00f6sende Kr\u00e4fte<br \/>\nInnerhalb des Vortrages veranschauliche ich die Wirkungsweise erlebter Traumata \u00fcber Generationen hinaus sowie deren M\u00f6glichkeiten zur Aufl\u00f6sung.<\/p>\n<h4>Einige Buchtitel zum tieferen Verst\u00e4ndnis:<\/h4>\n<ul>\n<li>Die geheimen \u00c4ngste der Deutschen \u2013 Gabriele Baring<\/li>\n<li>Der K\u00f6rper kennt den Weg, Trauma-Heilung und pers\u00f6nliche Transformation \u2013 Johannes B. Schmidt<\/li>\n<li>Trauma-Heilung, Das Erwachen des Tigers \u2013 Peter A. Levine<\/li>\n<li>movement medicine \u2013 Susannah und Ya\u2019 Acov Darling Khan<\/li>\n<\/ul>\n","protected":false},"excerpt":{"rendered":"<p>Innerhalb der systemischen Aufstellarbeit erfahren wir unsere Pers\u00f6nlichkeit mit unseren Lebensthemen immer in Wechselbeziehung zu einem generations\u00fcbergreifenden Familiensystem, zur Gesellschaft, zur Natur, zu einem gr\u00f6\u00dferen Ganzen. Familiensystemisch betrachtet sind wir alle Teile einer \u201eFamilienseele\u201c, der Seele, die Generationen umfasst, in der jeder unbewusst das Schicksal des anderen kennt und als \u201eseelisches Erbe\u201c in sich tr\u00e4gt.&hellip; <a class=\"more-link\" href=\"https:\/\/ww2.sibylle-wilcken.de\/index.php\/systemische-aufstellarbeit\/\"><span class=\"screen-reader-text\">Systemische Aufstellarbeit<\/span> weiterlesen<\/a><\/p>\n","protected":false},"author":1,"featured_media":0,"parent":0,"menu_order":0,"comment_status":"closed","ping_status":"closed","template":"","meta":{"footnotes":""},"class_list":["post-9","page","type-page","status-publish","hentry","entry"],"_links":{"self":[{"href":"https:\/\/ww2.sibylle-wilcken.de\/index.php\/wp-json\/wp\/v2\/pages\/9","targetHints":{"allow":["GET"]}}],"collection":[{"href":"https:\/\/ww2.sibylle-wilcken.de\/index.php\/wp-json\/wp\/v2\/pages"}],"about":[{"href":"https:\/\/ww2.sibylle-wilcken.de\/index.php\/wp-json\/wp\/v2\/types\/page"}],"author":[{"embeddable":true,"href":"https:\/\/ww2.sibylle-wilcken.de\/index.php\/wp-json\/wp\/v2\/users\/1"}],"replies":[{"embeddable":true,"href":"https:\/\/ww2.sibylle-wilcken.de\/index.php\/wp-json\/wp\/v2\/comments?post=9"}],"version-history":[{"count":1,"href":"https:\/\/ww2.sibylle-wilcken.de\/index.php\/wp-json\/wp\/v2\/pages\/9\/revisions"}],"predecessor-version":[{"id":10,"href":"https:\/\/ww2.sibylle-wilcken.de\/index.php\/wp-json\/wp\/v2\/pages\/9\/revisions\/10"}],"wp:attachment":[{"href":"https:\/\/ww2.sibylle-wilcken.de\/index.php\/wp-json\/wp\/v2\/media?parent=9"}],"curies":[{"name":"wp","href":"https:\/\/api.w.org\/{rel}","templated":true}]}}